{"id":1127,"date":"2025-12-12T14:54:13","date_gmt":"2025-12-12T13:54:13","guid":{"rendered":"https:\/\/pmsoccerevents.nl\/?page_id=1127"},"modified":"2025-12-25T04:53:30","modified_gmt":"2025-12-25T03:53:30","slug":"allgemeine-geschaftsbedingungen-avg","status":"publish","type":"page","link":"https:\/\/pmsoccerevents.nl\/de\/algemene-voorwaarden-avg\/","title":{"rendered":"Allgemeine Gesch\u00e4ftsbedingungen &amp; AVG"},"content":{"rendered":"<div data-elementor-type=\"wp-page\" data-elementor-id=\"1127\" class=\"elementor elementor-1127\" data-elementor-post-type=\"page\">\n\t\t\t\t<div class=\"elementor-element elementor-element-2499946 e-flex e-con-boxed e-con e-parent\" data-id=\"2499946\" data-element_type=\"container\" data-e-type=\"container\" data-settings=\"{&quot;background_background&quot;:&quot;classic&quot;}\">\n\t\t\t\t\t<div class=\"e-con-inner\">\n\t\t\t\t<div class=\"elementor-element elementor-element-fdc8964 elementor-widget elementor-widget-heading\" data-id=\"fdc8964\" data-element_type=\"widget\" data-e-type=\"widget\" data-widget_type=\"heading.default\">\n\t\t\t\t\t<h2 class=\"elementor-heading-title elementor-size-default\">Allgemeine Gesch\u00e4ftsbedingungen und AVG<\/h2>\t\t\t\t<\/div>\n\t\t\t\t<div class=\"elementor-element elementor-element-f2b9aa5 elementor-widget__width-initial elementor-widget-mobile__width-inherit elementor-widget elementor-widget-text-editor\" data-id=\"f2b9aa5\" data-element_type=\"widget\" data-e-type=\"widget\" data-widget_type=\"text-editor.default\">\n\t\t\t\t\t\t\t\t\t<p>Auf dieser Seite finden Sie die Allgemeinen Gesch\u00e4ftsbedingungen und die Allgemeine Datenschutzverordnung (AVG) von P&amp;M Soccer Events. Hier k\u00f6nnen Sie nachlesen, welche Vereinbarungen gelten und wie wir mit personenbezogenen Daten umgehen.\u00a0<\/p>\t\t\t\t\t\t\t\t<\/div>\n\t\t\t\t\t<\/div>\n\t\t\t\t<\/div>\n\t\t<div class=\"elementor-element elementor-element-ac695d0 e-flex e-con-boxed e-con e-parent\" data-id=\"ac695d0\" data-element_type=\"container\" data-e-type=\"container\">\n\t\t\t\t\t<div class=\"e-con-inner\">\n\t\t\t\t<div class=\"elementor-element elementor-element-2c6271f elementor-widget elementor-widget-text-editor\" data-id=\"2c6271f\" data-element_type=\"widget\" data-e-type=\"widget\" data-widget_type=\"text-editor.default\">\n\t\t\t\t\t\t\t\t\t<p class=\"text-align-left\"><strong>Das Seniorenwochenende ist ab 18 Jahren zug\u00e4nglich. Wenn es Minderj\u00e4hrige in einer Fu\u00dfballmannschaft gibt, ist das kein Problem. Die Person, die sich anmeldet, sollte die Organisation dar\u00fcber informieren, dass sie aufgrund von Alkoholkonsum ein andersfarbiges Band erhalten wird.<\/strong><strong>.<\/strong><\/p><p class=\"text-align-left\"><strong>Die Teilnahme am Turnier erfolgt auf eigene Gefahr.<\/strong><strong>\u00a0<\/strong><\/p><p class=\"text-align-left\"><strong>Hausordnung\/Regeln Ferienpark Duinrell und P und M Fu\u00dfballveranstaltungen Holland<\/strong><\/p><p class=\"text-align-left\">Unser Ziel ist es, Ihnen einen fantastischen Aufenthalt in Duinrell zu erm\u00f6glichen. Um diesen Besuch so angenehm wie m\u00f6glich zu gestalten, haben wir eine Reihe von Regeln und Richtlinien aufgestellt. Mit der Anmeldung f\u00fcr das Fu\u00dfballwochenende und dem Betreten des Duinrell-Gel\u00e4ndes erkl\u00e4ren Sie sich mit diesen Regeln und Vorschriften einverstanden.<\/p><p class=\"text-align-left\"><strong>Feuer oder Unfall:<\/strong><\/p><p class=\"text-align-left\"><span class=\"\">Im Falle eines Brandes\/Unfalls alarmieren Sie sofort die Feuerwehr\/Ambulanz (Tel.-Nr. 112) und anschlie\u00dfend die Duinrell-Gesch\u00e4ftsleitung (070) 5155 333.<\/span><\/p><p class=\"text-align-left\"><strong>Legitimation des Zugangs:<\/strong><\/p><p class=\"text-align-left\">Die G\u00e4ste m\u00fcssen sich auf Anfrage ausweisen k\u00f6nnen. Wenn G\u00e4ste sich nicht ausweisen k\u00f6nnen, beh\u00e4lt sich Duinrell das Recht vor, sie nicht zu beherbergen. Dies kann mit Armb\u00e4ndern geschehen, die von P&amp;M Soccer Events zur Verf\u00fcgung gestellt werden Car Pass: Ein Car Pass erlaubt Ihnen, den Park w\u00e4hrend Ihres Aufenthalts mit Ihrem Fahrzeug zu betreten. Der mit dem Nummernschild versehene Ausweis sollte gut sichtbar hinter der Windschutzscheibe angebracht werden, wenn Sie sich in Duinrell aufhalten.<\/p><p class=\"text-align-left\"><strong>Anspruchsberechtigte Person:<\/strong><\/p><p class=\"text-align-left\">Duinrell ist berechtigt, Personen, Tieren, Fahrzeugen und Campingausr\u00fcstungen den Zutritt zu\/den Aufenthalt in Duinrell zu verweigern. Den Anweisungen und Entscheidungen des Personals ist unverz\u00fcglich Folge zu leisten.<\/p><p class=\"text-align-left\"><strong>Allgemeine Bedingungen f\u00fcr die Freizeitgestaltung:<\/strong><\/p><p class=\"text-align-left\">W\u00e4hrend eines Aufenthalts in Duinrell gelten au\u00dferdem die Erholungsbedingungen (auf der Grundlage der Recron-Bedingungen f\u00fcr Ferienanlagen und -h\u00e4user), die an der Rezeption von Duinrell eingesehen werden k\u00f6nnen und auf Anfrage ausgeh\u00e4ndigt werden.<\/p><p class=\"text-align-left\"><strong>Besch\u00e4digung:<\/strong><\/p><p class=\"text-align-left\">Sch\u00e4den an Geb\u00e4uden, Vegetation und anderem Eigentum von Duinrell sowie Sch\u00e4den infolge von Bodenverunreinigungen, Containern oder Verschmutzungen jeglicher Art werden in Rechnung gestellt.<\/p><p class=\"text-align-left\"><strong>Haftung:<\/strong><\/p><p class=\"text-align-left\">Duinrell haftet nicht f\u00fcr Sch\u00e4den, Diebstahl, Verlust, Feuer, Verletzungen oder Unf\u00e4lle jeglicher Art. Schlie\u00dff\u00e4cher k\u00f6nnen an der Rezeption des Duinrell gemietet werden. Sanit\u00e4re Anlagen: Bitte halten Sie die sanit\u00e4ren Anlagen sauber. Bitte benutzen Sie die Abfallbeh\u00e4lter und Hygieneboxen. Chemische Toiletten k\u00f6nnen in den daf\u00fcr vorgesehenen Entsorgungsstellen entleert werden. Das Wasser aus dem Wasserhahn ist Trinkwasser. Die Abfl\u00fcsse sind nur f\u00fcr Sp\u00fclwasser bestimmt. M\u00fcll: M\u00fcll\/Hausm\u00fcll bitte in Plastiks\u00e4cken in den Containern entsorgen (M\u00fclls\u00e4cke sind an der Duinrell-Rezeption erh\u00e4ltlich) und Glas nur in den speziellen Glascontainern.<\/p><p class=\"text-align-left\"><strong>Beaufsichtigung und Verhalten Raucherpolitik:<\/strong><\/p><p class=\"text-align-left\"><span class=\"\">In den Duingalows, den Duinhosten und den \u00f6ffentlichen Bereichen von Duinrell ist das Rauchen verboten.<\/span><\/p><p class=\"text-align-left\"><strong>Alkohol sowie weiche und harte Drogen:<\/strong><\/p><p class=\"text-align-left\">Der Konsum weicher und harter Drogen sowie \u00fcberm\u00e4\u00dfiger Alkoholkonsum sind streng verboten (ebenso wie Trunkenheit in der \u00d6ffentlichkeit). Duinrell kann den Gast aus den R\u00e4umlichkeiten entfernen, wenn dies festgestellt wird.<\/p><p class=\"text-align-left\"><strong>Verbot:<\/strong><\/p><p class=\"text-align-left\">Es ist verboten: L\u00f6cher und Gr\u00e4ben auszuheben, Abw\u00e4sser in den Boden zu leiten, eigene Boote auf den Gew\u00e4ssern zu fahren, Feuerwerksk\u00f6rper zu z\u00fcnden, B\u00e4ume, Pflanzen oder Str\u00e4ucher zu besch\u00e4digen und in den W\u00e4ldern zu rauchen.<\/p><p class=\"text-align-left\"><strong>Aggression:<\/strong><\/p><p class=\"text-align-left\">Jede Form von aggressivem Verhalten gegen\u00fcber G\u00e4sten und\/oder dem Personal von Duinrell wird nicht geduldet. Bei Feststellung eines solchen Verhaltens schaltet Duinrell die Polizei ein und ist berechtigt, den Beteiligten den Zugang zu und den Aufenthalt in Duinrell zu verweigern.<\/p><p class=\"text-align-left\"><strong>L\u00e4rmnorm:<\/strong><\/p><p class=\"text-align-left\">Die Bel\u00e4stigung anderer G\u00e4ste durch L\u00e4rm, Ballspiele usw. ist nicht gestattet. Audioger\u00e4te d\u00fcrfen au\u00dferhalb der eigenen Unterkunft nicht zu h\u00f6ren sein. Bei L\u00e4rmbel\u00e4stigung oder l\u00e4rmendem Verhalten kann Duinrell den Betroffenen sofort den Zutritt und\/oder den Aufenthalt in den R\u00e4umlichkeiten verweigern. Nachtruhe: W\u00e4hrend der Nachtruhe von 23.00 bis 7.00 Uhr ist die Schranke geschlossen und Kraftfahrzeuge sind nicht zugelassen. Das Verlassen von Duinrell vor 7.00 Uhr morgens ist daher mit motorisierten Fahrzeugen nicht m\u00f6glich. Zuwiderhandlungen werden Konsequenzen haben. Wenn Sie nach 23 Uhr in Duinrell ankommen, k\u00f6nnen Sie Ihr Auto zwischen 23 Uhr und 7 Uhr auf dem Parkplatz P1 abstellen.\u00a0<\/p><p class=\"text-align-left\"><strong>H\u00f6chstgeschwindigkeit:<\/strong><\/p><p class=\"text-align-left\">Die H\u00f6chstgeschwindigkeit betr\u00e4gt 5 km pro Stunde. Hupen und unn\u00f6tiges Fahren von Autos und Motorr\u00e4dern sind nicht erlaubt. Motorroller mit einem gelben Nummernschild d\u00fcrfen in Duinrell nicht fahren. Ein blaues Nummernschild ist jedoch erlaubt. Das Fahren mit allen Fahrzeugen, auch mit Fahrr\u00e4dern, und das Fahren mit Gokarts im Vergn\u00fcgungspark und in den W\u00e4ldern und D\u00fcnen ist nicht gestattet.<\/p><p class=\"text-align-left\">Es gilt die Stra\u00dfenverkehrsordnung. Wenn Sie mit Ihrem Aufenthalt in Duinrell nicht zufrieden sind, teilen Sie uns dies bitte an Ort und Stelle mit. So haben wir die M\u00f6glichkeit, uns um Ihre Beschwerde zu k\u00fcmmern.<\/p><p class=\"text-align-left\">Bei Feststellung eines Versto\u00dfes gegen die oben genannte Hausordnung ist Duinrell berechtigt, den Betroffenen den Zutritt\/Aufenthalt in Duinrell unverz\u00fcglich zu verweigern. Bei Duinrell gilt eine Politik der Nicht-R\u00fcckerstattung.<\/p><p class=\"text-align-left\"><strong>Stornierung der Teilnahme\/Aufenthalt:<\/strong><\/p><p>- Wir empfehlen den Abschluss einer Reise- und Reiser\u00fccktrittsversicherung.<\/p><p><span class=\"\">- Wir weisen darauf hin, dass Spieler\/Nichtspieler, die ihre Teilnahme stornieren, sich an ihre Reiseversicherung wenden sollten, um nach M\u00f6glichkeit eine vollst\u00e4ndige Erstattung zu erhalten.<\/span><\/p><p>Eine Stornierung der Anmeldung ist bis zu 2 Wochen nach der Anmeldung \u00fcber das Anmeldeformular m\u00f6glich. Bezahlte Anmeldegeb\u00fchren k\u00f6nnen daher nach 2 Wochen nicht mehr zur\u00fcckerstattet werden!<\/p><p>Aufgrund der Beschaffung und der anfallenden Kosten ist eine R\u00fcckerstattung der gesamten Teilnahmegeb\u00fchr nach Bezahlung des Aufenthaltes nicht m\u00f6glich.\u00a0<\/p><p><strong class=\"font-size-16 m-font-size-13\">Zus\u00e4tzliche Informationen noch von P&amp;M Soccer Events Holland<\/strong><\/p><p class=\"text-align-left\">Alle Mannschaftsleiter m\u00fcssen sicherstellen, dass ihre Mannschaft f\u00fcr die Dauer der Reise ausreichend versichert ist. Die Mannschaftsf\u00fchrer werden gebeten, ihre Mannschaften auf alle Gefahren aufmerksam zu machen, die mit der von ihnen ausge\u00fcbten Sportart verbunden sein k\u00f6nnen. Die Mannschaftsf\u00fchrer sind verpflichtet, jederzeit f\u00fcr das Wohlergehen und das ordnungsgem\u00e4\u00dfe Verhalten ihrer Spieler und Begleiter zu sorgen.<\/p><ul class=\"defaultList bullet\"><li class=\"text-align-left\">P&amp;M Soccer Events Holland kann nicht f\u00fcr Diebstahl und\/oder Sachbesch\u00e4digung und eventuellen Alkoholkonsum oder Alkoholmissbrauch haftbar gemacht werden.<\/li><\/ul><ul class=\"defaultList bullet\"><li class=\"text-align-left\">Die Anmeldungen gelten erst dann als endg\u00fcltig, wenn auch die Anmeldegeb\u00fchr und die Unterkunft vollst\u00e4ndig bezahlt sind.\u00a0<\/li><\/ul><ul class=\"defaultList bullet\"><li class=\"text-align-left\">Jede Mannschaft ist verpflichtet, bei ihren eigenen Spielen einen eigenen Linienrichter zu stellen.\u00a0<\/li><\/ul><ul class=\"defaultList bullet\"><li class=\"text-align-left\">Jede Mannschaft stellt gen\u00fcgend Spieler (11 Personen) f\u00fcr die zugewiesenen Spiele<\/li><\/ul><ul class=\"defaultList bullet\"><li class=\"text-align-left\">Personen auf dem Turniergel\u00e4nde, die nicht im Besitz eines g\u00fcltigen Turnier- oder Partybands sind, k\u00f6nnen des Gel\u00e4ndes verwiesen werden.<\/li><\/ul><ul class=\"defaultList bullet\"><li class=\"text-align-left\">\u00a0Auf dem gesamten Sportgel\u00e4nde der Vereine, in denen die Spiele ausgetragen werden, und im Ferienpark Duinrell sind der Konsum, der Besitz, die Abgabe und\/oder der Handel von weichen und harten Drogen strengstens verboten. Wenn weiche oder harte Drogen im Spiel sind, werden die Organisatoren den betreffenden Teilnehmer vom Gel\u00e4nde verweisen und ihm die weitere Teilnahme am Turnier und am Ferienpark untersagen. Im Falle harter Drogen wird auch die Polizei hinzugezogen.\u00a0<\/li><\/ul><ul class=\"defaultList bullet\"><li class=\"text-align-left\">Personen, die w\u00e4hrend des Turniers Sch\u00e4den am Eigentum des Vakantiepark Duinrell und\/oder auf einem der Sportkomplexe verursachen, werden vom Vakantiepark Duinrell oder dem Verein haftbar gemacht. Sollte die Identit\u00e4t dieser Personen unbekannt bleiben, wird der eingetragene Verein und\/oder der Mannschaftskapit\u00e4n f\u00fcr den entstandenen Schaden haftbar gemacht. Im Falle von Vorsatz wird die Polizei von den Organisatoren benachrichtigt. Die Organisation kann einer Person oder Mannschaft auch den Zugang zum Turnier oder zur Anlage verweigern. Entstandene Sch\u00e4den m\u00fcssen sofort beglichen werden.<\/li><\/ul><p><strong>Unvorhergesehenes:<\/strong><\/p><p>Die Organisation kann nicht f\u00fcr Sch\u00e4den oder Verletzungen haftbar gemacht werden, die w\u00e4hrend des Turniers entstehen. Die Teilnehmer nehmen auf eigenes Risiko teil. Wir empfehlen jedem Teilnehmer, vor der Teilnahme am Turnier eine angemessene Kranken-, R\u00fccktritts- und\/oder Reiseversicherung abzuschlie\u00dfen. Bei extremen Witterungsbedingungen k\u00f6nnen die Kunstrasenpl\u00e4tze als ungeeignet f\u00fcr Fu\u00dfballturniere angesehen werden. Die Organisation kann daf\u00fcr in keiner Weise haftbar gemacht werden und es liegt h\u00f6here Gewalt vor.<\/p><p>P&amp;<span class=\"\">M soccer events holland kann nicht f\u00fcr unvorhergesehene Umst\u00e4nde verantwortlich gemacht werden, die sich unserer Kontrolle entziehen, wie z.B. Krieg, innere Unruhen, Terroranschl\u00e4ge, Unruhen, Gewerkschaftsaktionen, Naturkatastrophen, weltweite Viren-\/Krankheitsausbr\u00fcche, Wetterbedingungen oder Feuer, oder falls die Veranstaltung von der (lokalen) Regierung abgesagt wird. Eine R\u00fcckerstattung ist dann leider nicht mehr m\u00f6glich.<\/span><\/p><p><strong>AVG<\/strong><\/p><p class=\"text-align-left\">Sehr viele Organisationen nutzen und tauschen pers\u00f6nliche Daten aus. Dazu geh\u00f6rt auch P&amp;M Soccer Events Holland, die den Winter Cup Holland organisiert. Die wichtigsten Regeln f\u00fcr den Umgang mit personenbezogenen Daten in den Niederlanden sind in der Allgemeinen Datenschutzverordnung (AVG) festgelegt.<\/p><p class=\"text-align-left\">Da das neue Gesetz (AVG) von Organisationen verlangt, in einer transparenten, verst\u00e4ndlichen und klaren Sprache zu beschreiben, wie sie mit pers\u00f6nlichen Daten umgehen, m\u00f6chte P&amp;M Soccer Events Holland dies auf diese Weise tun. P&amp;M Soccer Events Holland erkl\u00e4rt hiermit, dies nach bestem Wissen und Gewissen zu tun, und alle gesammelten, verwalteten oder verarbeiteten Daten werden nur f\u00fcr Auftr\u00e4ge direkt f\u00fcr Kunden verwendet.\u00a0<\/p><p class=\"text-align-left\">Abgesehen von Foto- und Filmmaterial wird P&amp;M Soccer Events diese Daten niemals an Dritte weitergeben, au\u00dfer im Auftrag des Kunden oder im Falle einer gesch\u00e4ftlichen Auseinandersetzung, die ein Inkasso oder ein Gericht etc. erfordert.\u00a0<\/p><p class=\"text-align-left\">Mit der Anmeldung erkl\u00e4ren Sie sich damit einverstanden, dass P&amp;M Soccer Events Holland die pers\u00f6nlichen Daten der Kunden (in Form von Fotos und Videos) auf der Website und den sozialen Medienkan\u00e4len verwendet, um den Winter Cup Holland zu bewerben. Bei Fragen zur AVG-Regelung kontaktieren Sie uns bitte unter info@pmsoccerevents.nl.<\/p>\t\t\t\t\t\t\t\t<\/div>\n\t\t\t\t\t<\/div>\n\t\t\t\t<\/div>\n\t\t\t\t<\/div>","protected":false},"excerpt":{"rendered":"<p>Algemene voorwaarden en AVG Op deze pagina vind je de algemene voorwaarden en de Algemene Verordening Gegevensbescherming (AVG) van P&amp;M Soccer Events. Hier lees je welke afspraken gelden en hoe wij omgaan met persoonsgegevens.\u00a0 Het seniorenweekend is toegankelijk vanaf 18 jaar. Mochten er toch minderjarige in een voetbalteam zitten geen probleem. Dan dient de gene [&hellip;]<\/p>\n","protected":false},"author":1,"featured_media":0,"parent":0,"menu_order":11,"comment_status":"closed","ping_status":"closed","template":"","meta":{"footnotes":""},"class_list":["post-1127","page","type-page","status-publish","hentry"],"_links":{"self":[{"href":"https:\/\/pmsoccerevents.nl\/de\/wp-json\/wp\/v2\/pages\/1127","targetHints":{"allow":["GET"]}}],"collection":[{"href":"https:\/\/pmsoccerevents.nl\/de\/wp-json\/wp\/v2\/pages"}],"about":[{"href":"https:\/\/pmsoccerevents.nl\/de\/wp-json\/wp\/v2\/types\/page"}],"author":[{"embeddable":true,"href":"https:\/\/pmsoccerevents.nl\/de\/wp-json\/wp\/v2\/users\/1"}],"replies":[{"embeddable":true,"href":"https:\/\/pmsoccerevents.nl\/de\/wp-json\/wp\/v2\/comments?post=1127"}],"version-history":[{"count":5,"href":"https:\/\/pmsoccerevents.nl\/de\/wp-json\/wp\/v2\/pages\/1127\/revisions"}],"predecessor-version":[{"id":1331,"href":"https:\/\/pmsoccerevents.nl\/de\/wp-json\/wp\/v2\/pages\/1127\/revisions\/1331"}],"wp:attachment":[{"href":"https:\/\/pmsoccerevents.nl\/de\/wp-json\/wp\/v2\/media?parent=1127"}],"curies":[{"name":"wp","href":"https:\/\/api.w.org\/{rel}","templated":true}]}}