{"id":1127,"date":"2025-12-12T14:54:13","date_gmt":"2025-12-12T13:54:13","guid":{"rendered":"https:\/\/pmsoccerevents.nl\/?page_id=1127"},"modified":"2025-12-25T04:53:30","modified_gmt":"2025-12-25T03:53:30","slug":"condiciones-generales-avg","status":"publish","type":"page","link":"https:\/\/pmsoccerevents.nl\/es\/algemene-voorwaarden-avg\/","title":{"rendered":"Condiciones generales y AVG"},"content":{"rendered":"<div data-elementor-type=\"wp-page\" data-elementor-id=\"1127\" class=\"elementor elementor-1127\" data-elementor-post-type=\"page\">\n\t\t\t\t<div class=\"elementor-element elementor-element-2499946 e-flex e-con-boxed e-con e-parent\" data-id=\"2499946\" data-element_type=\"container\" data-e-type=\"container\" data-settings=\"{&quot;background_background&quot;:&quot;classic&quot;}\">\n\t\t\t\t\t<div class=\"e-con-inner\">\n\t\t\t\t<div class=\"elementor-element elementor-element-fdc8964 elementor-widget elementor-widget-heading\" data-id=\"fdc8964\" data-element_type=\"widget\" data-e-type=\"widget\" data-widget_type=\"heading.default\">\n\t\t\t\t\t<h2 class=\"elementor-heading-title elementor-size-default\">Condiciones generales y AVG<\/h2>\t\t\t\t<\/div>\n\t\t\t\t<div class=\"elementor-element elementor-element-f2b9aa5 elementor-widget__width-initial elementor-widget-mobile__width-inherit elementor-widget elementor-widget-text-editor\" data-id=\"f2b9aa5\" data-element_type=\"widget\" data-e-type=\"widget\" data-widget_type=\"text-editor.default\">\n\t\t\t\t\t\t\t\t\t<p>En esta p\u00e1gina encontrar\u00e1 las condiciones generales y el Reglamento General de Protecci\u00f3n de Datos (RGPD) de P&amp;M Soccer Events. Aqu\u00ed puede leer qu\u00e9 acuerdos se aplican y c\u00f3mo tratamos los datos personales.\u00a0<\/p>\t\t\t\t\t\t\t\t<\/div>\n\t\t\t\t\t<\/div>\n\t\t\t\t<\/div>\n\t\t<div class=\"elementor-element elementor-element-ac695d0 e-flex e-con-boxed e-con e-parent\" data-id=\"ac695d0\" data-element_type=\"container\" data-e-type=\"container\">\n\t\t\t\t\t<div class=\"e-con-inner\">\n\t\t\t\t<div class=\"elementor-element elementor-element-2c6271f elementor-widget elementor-widget-text-editor\" data-id=\"2c6271f\" data-element_type=\"widget\" data-e-type=\"widget\" data-widget_type=\"text-editor.default\">\n\t\t\t\t\t\t\t\t\t<p class=\"text-align-left\"><strong>Se puede acceder al fin de semana senior a partir de los 18 a\u00f1os. Si hay menores en un equipo de f\u00fatbol, no hay problema. La persona que se inscriba deber\u00e1 informar a la organizaci\u00f3n de que recibir\u00e1 una cinta de color diferente debido al consumo de alcohol.<\/strong><strong>.<\/strong><\/p><p class=\"text-align-left\"><strong>La participaci\u00f3n en el torneo corre por cuenta y riesgo del participante.<\/strong><strong>\u00a0<\/strong><\/p><p class=\"text-align-left\"><strong>Reglas\/reglamentos de la casa Parque de vacaciones Duinrell y eventos de f\u00fatbol P y M Holanda<\/strong><\/p><p class=\"text-align-left\">Nuestro objetivo es proporcionarle una estancia fant\u00e1stica en Duinrell. Para que esta visita sea lo m\u00e1s agradable posible, hemos elaborado una serie de normas y directrices. Al inscribirse en el fin de semana de f\u00fatbol y entrar en las instalaciones de Duinrell, usted acepta estas normas y reglamentos.<\/p><p class=\"text-align-left\"><strong>Incendio o accidente:<\/strong><\/p><p class=\"text-align-left\"><span class=\"\">En caso de incendio\/accidente, avise inmediatamente a los Bomberos\/Ambulancia (tel. n\u00ba 112) y despu\u00e9s a la direcci\u00f3n de Duinrell (070) 5155 333.<\/span><\/p><p class=\"text-align-left\"><strong>Legitimaci\u00f3n de acceso:<\/strong><\/p><p class=\"text-align-left\">Los hu\u00e9spedes deber\u00e1n presentar un documento de identidad cuando se les solicite. Si los hu\u00e9spedes no pueden mostrar una prueba de identidad, Duinrell se reserva el derecho de decidir no alojarlos. Esto puede hacerse con pulseras, proporcionadas por P&amp;M Soccer Events Car pass: Un car pass le permite entrar en el parque con su veh\u00edculo durante su estancia. Su car pass, provisto de n\u00famero de matr\u00edcula, deber\u00e1 colocarse de forma visible detr\u00e1s del parabrisas cuando se encuentre en Duinrell.<\/p><p class=\"text-align-left\"><strong>Persona con derecho:<\/strong><\/p><p class=\"text-align-left\">Duinrell tiene derecho a denegar el acceso y la estancia en Duinrell a personas, animales, veh\u00edculos y equipos de acampada. Las instrucciones y decisiones emitidas por el personal deben seguirse inmediatamente.<\/p><p class=\"text-align-left\"><strong>Condiciones generales de recreo:<\/strong><\/p><p class=\"text-align-left\">Durante una estancia en Duinrell, tambi\u00e9n se aplican las condiciones de recreaci\u00f3n (sobre la base de las condiciones Recron para sitios tur\u00edsticos y casas de vacaciones), que est\u00e1n disponibles para su consulta en la recepci\u00f3n de Duinrell y se entregar\u00e1n a petici\u00f3n.<\/p><p class=\"text-align-left\"><strong>Da\u00f1os:<\/strong><\/p><p class=\"text-align-left\">Se cobrar\u00e1n los da\u00f1os causados a edificios, vegetaci\u00f3n y otros bienes de Duinrell, as\u00ed como los da\u00f1os derivados de la contaminaci\u00f3n del suelo, los contenedores o la contaminaci\u00f3n de cualquier tipo.<\/p><p class=\"text-align-left\"><strong>Responsabilidad civil:<\/strong><\/p><p class=\"text-align-left\">Duinrell no se hace responsable de da\u00f1os, robos, p\u00e9rdidas, incendios, lesiones o accidentes de ning\u00fan tipo. En la recepci\u00f3n de Duinrell se pueden alquilar cajas de seguridad. Instalaciones sanitarias: Le rogamos que mantenga limpias las instalaciones sanitarias. Utilice las papeleras y las cajas higi\u00e9nicas. Los inodoros qu\u00edmicos se pueden vaciar en los vertederos designados. El agua del grifo es agua potable. Los desag\u00fces son s\u00f3lo para el agua de fregar. Basura: La basura y los residuos dom\u00e9sticos deben depositarse en bolsas de pl\u00e1stico en los contenedores (bolsas de basura disponibles en la recepci\u00f3n de Duinrell) y el vidrio s\u00f3lo en los contenedores especiales para vidrio.<\/p><p class=\"text-align-left\"><strong>Supervisi\u00f3n y conducta Pol\u00edtica de fumadores:<\/strong><\/p><p class=\"text-align-left\"><span class=\"\">Est\u00e1 prohibido fumar en los Duingalows, Duinhosten y las zonas p\u00fablicas de Duinrell.<\/span><\/p><p class=\"text-align-left\"><strong>Alcohol y drogas blandas y duras:<\/strong><\/p><p class=\"text-align-left\">El uso de drogas blandas y duras y el consumo excesivo de alcohol est\u00e1n estrictamente prohibidos (as\u00ed como la embriaguez\/bebida en p\u00fablico). Duinrell podr\u00e1 expulsar al hu\u00e9sped de las instalaciones en caso de detectarlo.<\/p><p class=\"text-align-left\"><strong>Prohibici\u00f3n:<\/strong><\/p><p class=\"text-align-left\">Est\u00e1 prohibido: cavar hoyos y zanjas, verter aguas residuales en el suelo, navegar con embarcaciones propias en las aguas, encender fuegos artificiales, da\u00f1ar \u00e1rboles, plantas o arbustos y fumar en los bosques.<\/p><p class=\"text-align-left\"><strong>Agresi\u00f3n:<\/strong><\/p><p class=\"text-align-left\">No se tolerar\u00e1 ninguna forma de comportamiento agresivo contra los hu\u00e9spedes y\/o el personal de Duinrell. Si se detecta tal comportamiento, Duinrell llamar\u00e1 a la polic\u00eda y est\u00e1 autorizada a denegar a los implicados el acceso y la estancia en Duinrell.<\/p><p class=\"text-align-left\"><strong>Norma sobre el ruido:<\/strong><\/p><p class=\"text-align-left\">No est\u00e1 permitido molestar a los dem\u00e1s hu\u00e9spedes con ruidos, juegos de pelota, etc. El equipo de audio no debe ser audible fuera del propio alojamiento. En caso de molestias por ruido o comportamiento ruidoso, Duinrell podr\u00e1 denegar inmediatamente a los afectados el acceso y\/o la estancia en las instalaciones. Descanso nocturno: Durante el descanso nocturno, de 23.00 a 7.00 horas, la barrera estar\u00e1 cerrada y no se permitir\u00e1 la entrada de veh\u00edculos a motor. Por lo tanto, no es posible abandonar Duinrell antes de las 7 de la ma\u00f1ana en transporte motorizado. El incumplimiento de esta norma tendr\u00e1 consecuencias. Si llega a Duinrell despu\u00e9s de las 23.00 horas, puede aparcar su veh\u00edculo en el aparcamiento P1 entre las 23.00 y las 7.00 horas.\u00a0<\/p><p class=\"text-align-left\"><strong>Velocidad m\u00e1xima:<\/strong><\/p><p class=\"text-align-left\">El l\u00edmite de velocidad es de 5 km por hora. No est\u00e1 permitido tocar el claxon ni conducir coches o motos innecesariamente. Los ciclomotores con matr\u00edcula amarilla no pueden circular por Duinrell. Sin embargo, s\u00ed est\u00e1 permitida la matr\u00edcula azul. No est\u00e1 permitido conducir ning\u00fan veh\u00edculo, incluidas las bicicletas, ni montar en karts en el parque de atracciones ni en los bosques y dunas.<\/p><p class=\"text-align-left\">Se aplican las leyes de tr\u00e1fico. Si no est\u00e1 satisfecho con su estancia en Duinrell, h\u00e1ganoslo saber in situ. As\u00ed tendremos la oportunidad de atender su queja.<\/p><p class=\"text-align-left\">En caso de infracci\u00f3n de estas normas, Duinrell podr\u00e1 denegar inmediatamente el acceso y la estancia a los interesados. En Duinrell se aplica una pol\u00edtica de no reembolso.<\/p><p class=\"text-align-left\"><strong>Cancelaci\u00f3n de la participaci\u00f3n\/estancia:<\/strong><\/p><p>- Recomendamos contratar un seguro de viaje y anulaci\u00f3n.<\/p><p><span class=\"\">- Tenga en cuenta que si un jugador\/no jugador cancela su participaci\u00f3n, le aconsejamos que se ponga en contacto con su seguro de viaje para obtener un reembolso completo si es posible.<\/span><\/p><p>La cancelaci\u00f3n de la inscripci\u00f3n es posible hasta 2 semanas despu\u00e9s de la inscripci\u00f3n a trav\u00e9s del formulario de inscripci\u00f3n. Por lo tanto, las cuotas de inscripci\u00f3n pagadas no se reembolsar\u00e1n una vez transcurridas 2 semanas.<\/p><p>Debido a las adquisiciones y a los gastos ocasionados, no es posible reembolsar el importe total de la cuota de participaci\u00f3n una vez abonada la estancia.\u00a0<\/p><p><strong class=\"font-size-16 m-font-size-13\">Informaci\u00f3n adicional a\u00fan de P&amp;M Soccer Events Holland<\/strong><\/p><p class=\"text-align-left\">Todos los jefes de equipo deben asegurarse de que su equipo est\u00e1 debidamente asegurado durante la duraci\u00f3n de su viaje. Se ruega a los capitanes de equipo que informen a sus equipos de cualquier peligro que pueda estar asociado al deporte que practican. Los capitanes de equipo tienen la obligaci\u00f3n de garantizar el bienestar y la conducta ordenada de sus jugadores y acompa\u00f1antes en todo momento.<\/p><ul class=\"defaultList bullet\"><li class=\"text-align-left\">P&amp;M Soccer Events Holland no se hace responsable de robos y\/o da\u00f1os a la propiedad y del posible consumo de bebidas alcoh\u00f3licas, o abuso de alcohol.<\/li><\/ul><ul class=\"defaultList bullet\"><li class=\"text-align-left\">Las inscripciones no se considerar\u00e1n definitivas hasta que se haya efectuado el pago \u00edntegro de la cuota de inscripci\u00f3n y el alojamiento.\u00a0<\/li><\/ul><ul class=\"defaultList bullet\"><li class=\"text-align-left\">Cada equipo est\u00e1 obligado a proporcionar su propio juez de l\u00ednea durante sus propios partidos.\u00a0<\/li><\/ul><ul class=\"defaultList bullet\"><li class=\"text-align-left\">Cada equipo aporta suficientes jugadores (11 personas) durante los partidos asignados<\/li><\/ul><ul class=\"defaultList bullet\"><li class=\"text-align-left\">Las personas que se encuentren en el recinto del torneo y no est\u00e9n en posesi\u00f3n de una cinta v\u00e1lida del torneo o de la fiesta podr\u00e1n ser expulsadas del recinto.<\/li><\/ul><ul class=\"defaultList bullet\"><li class=\"text-align-left\">\u00a0El uso, la posesi\u00f3n, el suministro y\/o el tr\u00e1fico de drogas blandas y duras est\u00e1n estrictamente prohibidos en todo el complejo deportivo de los clubes donde se disputen los partidos y en el Parque de Vacaciones Duinrell. En caso de consumo de drogas blandas o duras, los organizadores expulsar\u00e1n al participante en cuesti\u00f3n del complejo y le denegar\u00e1n su participaci\u00f3n en el torneo y en el parque de vacaciones. En caso de drogas duras, tambi\u00e9n se llamar\u00e1 a la polic\u00eda.\u00a0<\/li><\/ul><ul class=\"defaultList bullet\"><li class=\"text-align-left\">Las personas que causen da\u00f1os durante el torneo a la propiedad de Vakantiepark Duinrell y\/o en uno de los complejos deportivos ser\u00e1n consideradas responsables por Vakantiepark Duinrell o el club. En caso de que se desconozca la identidad de estas personas, la asociaci\u00f3n inscrita y\/o el capit\u00e1n del equipo ser\u00e1n considerados responsables de los da\u00f1os sufridos. En caso de dolo, la organizaci\u00f3n avisar\u00e1 a la polic\u00eda. La organizaci\u00f3n tambi\u00e9n podr\u00e1 denegar a una persona o a un equipo el acceso al torneo o al complejo. Los da\u00f1os sufridos deber\u00e1n abonarse inmediatamente.<\/li><\/ul><p><strong>Contingencias:<\/strong><\/p><p>La organizaci\u00f3n no se hace responsable de los da\u00f1os o lesiones sufridos durante el torneo. Los participantes participan bajo su propia responsabilidad. Asimismo, aconsejamos a todos los participantes que contraten un seguro m\u00e9dico, de cancelaci\u00f3n y\/o de viaje adecuado antes de participar en el torneo. En caso de condiciones meteorol\u00f3gicas extremas, los campos de hierba artificial pueden considerarse no aptos para las competiciones de f\u00fatbol. La organizaci\u00f3n no se responsabiliza en modo alguno de este hecho, que entra dentro de la categor\u00eda de fuerza mayor.<\/p><p>P&amp;<span class=\"\">M soccer events holland no se hace responsable de circunstancias imprevistas fuera de nuestro control, como guerras, disturbios civiles, acciones terroristas, revueltas, acciones sindicales, desastres naturales, brotes de virus\/enfermedades en todo el mundo, condiciones meteorol\u00f3gicas o incendios, o en caso de que el evento sea cancelado por el gobierno (local). Lamentablemente, en estos casos ya no es posible efectuar reembolsos.<\/span><\/p><p><strong>AVG<\/strong><\/p><p class=\"text-align-left\">Muchas organizaciones utilizan e intercambian datos personales. Entre ellas se encuentra P&amp;M Soccer Events Holland, que organiza la Winter Cup Holland. Las normas m\u00e1s importantes para el tratamiento de datos personales en los Pa\u00edses Bajos se establecen en el Reglamento General de Protecci\u00f3n de Datos (RGPD).<\/p><p class=\"text-align-left\">Dado que la nueva ley (AVG) pide a las organizaciones que describan en un lenguaje transparente, comprensible y claro c\u00f3mo trata los datos personales, P&amp;M Soccer Events Holland quiere hacerlo as\u00ed. P&amp;M Soccer Events Holland declara por la presente hacerlo seg\u00fan su leal saber y entender, y todos los datos recopilados, gestionados o procesados solo se utilizar\u00e1n para tareas directamente destinadas a los clientes.\u00a0<\/p><p class=\"text-align-left\">Aparte del material fotogr\u00e1fico y f\u00edlmico, P&amp;M Soccer Events nunca proporcionar\u00e1 estos datos a terceros, excepto en nombre del cliente o en caso de litigio comercial que requiera cobro o juicio, etc.\u00a0<\/p><p class=\"text-align-left\">Al registrarse, usted acepta que P&amp;M Soccer Events Holland quiera utilizar los datos personales de los clientes (en forma de fotos y v\u00eddeos) en el sitio web y en los canales de las redes sociales, para promocionar la Winter Cup Holland. Si tiene preguntas sobre el reglamento AVG, p\u00f3ngase en contacto con nosotros en info@pmsoccerevents.nl.<\/p>\t\t\t\t\t\t\t\t<\/div>\n\t\t\t\t\t<\/div>\n\t\t\t\t<\/div>\n\t\t\t\t<\/div>","protected":false},"excerpt":{"rendered":"<p>Algemene voorwaarden en AVG Op deze pagina vind je de algemene voorwaarden en de Algemene Verordening Gegevensbescherming (AVG) van P&amp;M Soccer Events. Hier lees je welke afspraken gelden en hoe wij omgaan met persoonsgegevens.\u00a0 Het seniorenweekend is toegankelijk vanaf 18 jaar. Mochten er toch minderjarige in een voetbalteam zitten geen probleem. Dan dient de gene [&hellip;]<\/p>\n","protected":false},"author":1,"featured_media":0,"parent":0,"menu_order":11,"comment_status":"closed","ping_status":"closed","template":"","meta":{"footnotes":""},"class_list":["post-1127","page","type-page","status-publish","hentry"],"_links":{"self":[{"href":"https:\/\/pmsoccerevents.nl\/es\/wp-json\/wp\/v2\/pages\/1127","targetHints":{"allow":["GET"]}}],"collection":[{"href":"https:\/\/pmsoccerevents.nl\/es\/wp-json\/wp\/v2\/pages"}],"about":[{"href":"https:\/\/pmsoccerevents.nl\/es\/wp-json\/wp\/v2\/types\/page"}],"author":[{"embeddable":true,"href":"https:\/\/pmsoccerevents.nl\/es\/wp-json\/wp\/v2\/users\/1"}],"replies":[{"embeddable":true,"href":"https:\/\/pmsoccerevents.nl\/es\/wp-json\/wp\/v2\/comments?post=1127"}],"version-history":[{"count":5,"href":"https:\/\/pmsoccerevents.nl\/es\/wp-json\/wp\/v2\/pages\/1127\/revisions"}],"predecessor-version":[{"id":1331,"href":"https:\/\/pmsoccerevents.nl\/es\/wp-json\/wp\/v2\/pages\/1127\/revisions\/1331"}],"wp:attachment":[{"href":"https:\/\/pmsoccerevents.nl\/es\/wp-json\/wp\/v2\/media?parent=1127"}],"curies":[{"name":"wp","href":"https:\/\/api.w.org\/{rel}","templated":true}]}}